{"id":238,"date":"2023-06-14T08:50:42","date_gmt":"2023-06-14T06:50:42","guid":{"rendered":"http:\/\/kaza-app.fr\/?page_id=238"},"modified":"2023-06-14T08:50:42","modified_gmt":"2023-06-14T06:50:42","slug":"politique-de-confidentialite-des-donnees","status":"publish","type":"page","link":"http:\/\/kaza-app.fr\/index.php\/politique-de-confidentialite-des-donnees\/","title":{"rendered":"Politique de confidentialit\u00e9 des donn\u00e9es"},"content":{"rendered":"\n<p><\/p>\n\n\n\n<p>Vous vous trouvez sur la page de la politique de confidentialit\u00e9 de KAZA, l\u2019application de la Soci\u00e9t\u00e9 SP EVENTS.<\/p>\n\n\n\n<p>Cette politique est \u00e0 jour au&nbsp;1<sup>er<\/sup> juin 2023.<\/p>\n\n\n\n<p>Chez SP EVENTS, nous souhaitons que chaque Utilisateur puisse comprendre quelles donn\u00e9es nous recueillons, comment ces donn\u00e9es sont utilis\u00e9es et \u00e0 quelles fins.<\/p>\n\n\n\n<p>C\u2019est pourquoi nous vous encourageons \u00e0 lire cette politique afin que vous soyez en mesure de d\u00e9terminer vos droits et l\u2019\u00e9tendue du contr\u00f4le dont vous disposez sur vos donn\u00e9es personnelles.&nbsp;<\/p>\n\n\n\n<p>Toute utilisation de l\u2019application KAZA et des services propos\u00e9s implique votre consentement \u00e0 cette politique de confidentialit\u00e9 des donn\u00e9es.<\/p>\n\n\n\n<p>Pour toute question relative \u00e0 la pr\u00e9sente politique, ou \u00e0 l\u2019utilisation de vos donn\u00e9es personnelles, veuillez contacter notre Data Protection Officer\/D\u00e9l\u00e9gu\u00e9 \u00e0 la Protection des Donn\u00e9es par email \u00e0 l\u2019adresse&nbsp;: <a href=\"mailto:DPO-contact@kaza-app.fr\">DPO-contact@kaza-app.fr<\/a>.&nbsp;<\/p>\n\n\n\n<p>Toute modification de la pr\u00e9sente politique sera notifi\u00e9e \u00e0 l\u2019utilisateur, qui s\u2019engage \u00e0 l\u2019accepter ou \u00e0 cesser d\u2019utiliser l\u2019application KAZA.<\/p>\n\n\n\n<p><strong>Qui collecte mes donn\u00e9es et \u00e0 quel moment ?<\/strong><\/p>\n\n\n\n<p>Responsable de traitement&nbsp;:<\/p>\n\n\n\n<p>SP EVENTS, soci\u00e9t\u00e9 par actions simplifi\u00e9e enregistr\u00e9e au R.C.S. de PARIS sous le num\u00e9ro SIREN 913&nbsp;941 571, dont le si\u00e8ge social est situ\u00e9 au 24 rue Juge, 75015 PARIS, collecte vos donn\u00e9es personnelles \u00e0 travers son application KAZA.<\/p>\n\n\n\n<p>SP EVENTS recueille vos informations au moment de votre inscription et cr\u00e9ation de compte, de votre connexion \u00e0 un compte, de vos proc\u00e9d\u00e9s de cr\u00e9ation, organisation, recherche, r\u00e9servation, paiement de soir\u00e9e, mais aussi d\u2019\u00e9valuation des soir\u00e9es et des utilisateurs.<\/p>\n\n\n\n<p>Nous recueillons \u00e9galement des informations lorsque vous publiez des commentaires, discutez avec d\u2019autres utilisateurs via la messagerie de l\u2019application, modifiez votre profil, et lorsque vous vous d\u00e9connectez et\/ou supprimez votre compte.<\/p>\n\n\n\n<p>Partenaires&nbsp;:&nbsp;<\/p>\n\n\n\n<p>Le partenaire Stripe Inc peut \u00e9galement \u00eatre amen\u00e9 \u00e0 collecter vos donn\u00e9es (RIB, pi\u00e8ce d\u2019identit\u00e9) dans le but de v\u00e9rifier votre identit\u00e9 et de traiter vos transactions financi\u00e8res, selon sa politique de confidentialit\u00e9 et sous r\u00e9serve de votre acceptation de celle-ci.<\/p>\n\n\n\n<p><strong>Quel genre de donn\u00e9es collectons-nous ?<\/strong><\/p>\n\n\n\n<p>Pour les besoins de l\u2019application et du service propos\u00e9, nous collections les donn\u00e9es suivantes&nbsp;:<\/p>\n\n\n\n<p><strong>Votre activit\u00e9 et vos informations telles que vous les avez renseign\u00e9es<\/strong>&nbsp;:<\/p>\n\n\n\n<ul class=\"wp-block-list\">\n<li>Les messages, publications, photos, et plus g\u00e9n\u00e9ralement le contenu que vous cr\u00e9ez sur l\u2019application.<\/li>\n\n\n\n<li>Les informations et coordonn\u00e9es de votre profil, lorsque vous cr\u00e9ez ou modifiez ce profil&nbsp;: pr\u00e9nom, nom, genre, \u00e2ge, adresse email, num\u00e9ro de t\u00e9l\u00e9phone.<\/li>\n\n\n\n<li>Les informations que vous fournissez lorsque vous nous contactez pour une r\u00e9clamation, question, ou via un formulaire.<\/li>\n\n\n\n<li>Votre g\u00e9olocalisation.<\/li>\n<\/ul>\n\n\n\n<p><strong>Vos donn\u00e9es de compte KAZA<\/strong>&nbsp;:<\/p>\n\n\n\n<ul class=\"wp-block-list\">\n<li>Mot de passe et identifiant.<\/li>\n<\/ul>\n\n\n\n<p><strong>\u00c0 quelle fin sont collect\u00e9es mes donn\u00e9es ?<\/strong><\/p>\n\n\n\n<p>Nous utilisons vos donn\u00e9es afin de fournir, am\u00e9liorer, et administrer nos services, enregistrer et traiter votre inscription, vos demandes et vos paiements. Nous utilisons \u00e9galement ces donn\u00e9es afin de pouvoir communiquer avec vous sur l\u2019un ou l\u2019autre de ces sujets.<\/p>\n\n\n\n<p>Ainsi, nous collectons vos donn\u00e9es dans le but de&nbsp;:<\/p>\n\n\n\n<ul class=\"wp-block-list\">\n<li>traiter les diff\u00e9rentes transactions li\u00e9es \u00e0 la participation \u00e0 des soir\u00e9es (paiement, r\u00e9tribution)&nbsp;;<\/li>\n\n\n\n<li>d\u00e9terminer votre g\u00e9olocalisation dans le cadre de la recherche ou l\u2019organisation de soir\u00e9es&nbsp;;<\/li>\n\n\n\n<li>analyser de mani\u00e8re statistique notre panel d\u2019utilisateurs afin d\u2019am\u00e9liorer notre service et optimiser de mani\u00e8re continue l\u2019exp\u00e9rience utilisateur&nbsp;;<\/li>\n\n\n\n<li>personnaliser votre exp\u00e9rience, le cas \u00e9ch\u00e9ant par l\u2019affichage de contenus publicitaires cibl\u00e9s&nbsp;;<\/li>\n\n\n\n<li>pr\u00e9venir, d\u00e9tecter et enqu\u00eater sur toutes potentielles activit\u00e9s et utilisations frauduleuses et\/ou ill\u00e9gales li\u00e9es \u00e0 notre service, au vu de la loi applicable ou de nos conditions g\u00e9n\u00e9rales d\u2019utilisation&nbsp;;<\/li>\n\n\n\n<li>traiter vos demandes et communiquer avec vous de mani\u00e8re fluide et efficace&nbsp;;<\/li>\n\n\n\n<li>s\u00e9curiser nos syst\u00e8mes et les comptes utilisateurs KAZA, et t\u00e2cher d\u2019emp\u00eacher tout risque de fraude et\/ou de malveillances.<\/li>\n<\/ul>\n\n\n\n<p><strong>Combien de temps mes donn\u00e9es sont-elles conserv\u00e9es ?<\/strong><\/p>\n\n\n\n<p>SP EVENTS conserve vos donn\u00e9es pour une dur\u00e9e de deux (2) ans.<\/p>\n\n\n\n<p><strong>Mes donn\u00e9es collect\u00e9es sont-elles transmises \u00e0 des tiers ?<\/strong><\/p>\n\n\n\n<p>Nous pouvons \u00eatres amen\u00e9s \u00e0 communiquer vos informations personnelles \u00e0 des tierces parties dans les hypoth\u00e8ses suivantes&nbsp;:<\/p>\n\n\n\n<ul class=\"wp-block-list\">\n<li><strong>Prestataires de service<\/strong>&nbsp;: Nous avons recours aux services de partenaires telles que la Soci\u00e9t\u00e9 Stripe Inc. afin de nous assister dans le cadre de la fourniture de nos services. La Soci\u00e9t\u00e9 Stripe s\u2019occupe de la gestion et du traitement des transactions financi\u00e8res li\u00e9es au service de mise en relation de l\u2019application KAZA&nbsp;;<\/li>\n<\/ul>\n\n\n\n<ul class=\"wp-block-list\">\n<li><strong>Annonceurs publicitaires, partenaires et conseils marketing\/publicit\u00e9&nbsp;: <\/strong>Nous pouvons \u00eatres amen\u00e9s \u00e0 partager vos informations avec nos annonceurs publicitaires, conseils marketing, et ou des partenaires \u00e0 des fins de personnalisation du contenu publicitaire qui vous est propos\u00e9, mais aussi afin d\u2019\u00e9valuer la qualit\u00e9 et la pertinence de notre contenu publicitaire. Les annonceurs publicitaires et les partenaires sont des entreprises qui peuvent \u00eatre amen\u00e9s \u00e0 diffuser du contenu publicitaire sur l\u2019application KAZA&nbsp;;<\/li>\n<\/ul>\n\n\n\n<ul class=\"wp-block-list\">\n<li><strong>Conformit\u00e9 avec la loi et raisons de s\u00e9curit\u00e9&nbsp;:<\/strong> Nous pouvons \u00eatre amen\u00e9s \u00e0 communiquer vos informations afin de se conformer \u00e0 toute prescription l\u00e9gale applicable ou \u00e0 toute injonction des autorit\u00e9s publiques, et \u00e9galement s\u2019il est \u00e0 penser qu\u2019une omission de le faire pourrait occasionner des risques pour l\u2019int\u00e9grit\u00e9 d\u2019une personne ou de biens.<\/li>\n<\/ul>\n\n\n\n<p><strong>Sur quels fondements sont collect\u00e9es mes donn\u00e9es ?<\/strong><\/p>\n\n\n\n<p>Les donn\u00e9es personnelles seront r\u00e9colt\u00e9es par SP EVENTS \u00e0 travers KAZA uniquement dans les cas o\u00f9 la r\u00e9glementation applicable le permet, et notamment sur les fondements suivants :<\/p>\n\n\n\n<ul class=\"wp-block-list\">\n<li>En utilisant l\u2019application KAZA, vous avez manifest\u00e9 un consentement libre, sp\u00e9cifique, \u00e9clair\u00e9 et univoque \u00e0 la pr\u00e9sente politique de confidentialit\u00e9 concernant le traitement de vos donn\u00e9es personnelles. Pour ce faire, ainsi que pour utiliser l\u2019application KAZA, vous devez \u00eatre majeur et\/ou avoir la capacit\u00e9 juridique de contracter&nbsp;;<\/li>\n<\/ul>\n\n\n\n<ul class=\"wp-block-list\">\n<li>Les informations fournies sont n\u00e9cessaires \u00e0 l\u2019ex\u00e9cution du contrat ou de mesures pr\u00e9contractuelles prises \u00e0 votre demande et accept\u00e9es par SP EVENTS ;<\/li>\n<\/ul>\n\n\n\n<ul class=\"wp-block-list\">\n<li>Pour assurer le respect des obligations l\u00e9gales ou r\u00e9glementaires qui incombent \u00e0 SP EVENTS.<\/li>\n<\/ul>\n\n\n\n<p><strong>Comment mes donn\u00e9es sont-elles prot\u00e9g\u00e9es ?<\/strong><\/p>\n\n\n\n<p>Les informations personnelles que vous nous communiquez sont stock\u00e9es sur des serveurs s\u00e9curis\u00e9s non accessibles au public.<\/p>\n\n\n\n<p>Tout transfert \u00e0 des tierces parties, dans les conditions expos\u00e9es au sein de la pr\u00e9sente politique uniquement, est \u00e9galement s\u00e9curis\u00e9 et priv\u00e9.<\/p>\n\n\n\n<p><strong>Quels sont mes droits ?<\/strong><\/p>\n\n\n\n<p>Vous disposez de plusieurs droits, sous certaines conditions et en application notamment du r\u00e8glement g\u00e9n\u00e9ral sur la protection des donn\u00e9es du 23 mai 2018, consultable ici&nbsp;: <a href=\"https:\/\/www.cnil.fr\/fr\/reglement-europeen-protection-donnees\">https:\/\/www.cnil.fr\/fr\/reglement-europeen-protection-donnees<\/a>.&nbsp;<\/p>\n\n\n\n<p>En synth\u00e8se, ces droits sont les suivants&nbsp;(sous r\u00e9serve des conditions pos\u00e9es par la CNIL) :<\/p>\n\n\n\n<ul class=\"wp-block-list\">\n<li>Droit d\u2019opposition&nbsp;: vous pouvez demander que nous ne traitions pas vos donn\u00e9es personnelles&nbsp;;<\/li>\n\n\n\n<li>Droit d\u2019acc\u00e8s&nbsp;: sur demande, nous vous fournirons une copie des donn\u00e9es personnelles vous concernant que nous conservons&nbsp;;<\/li>\n\n\n\n<li>Droit de rectification&nbsp;: vous pouvez demander que nous modifiions les donn\u00e9es personnelles vous concernant, \u00e0 des fins de correction&nbsp;;<\/li>\n\n\n\n<li>Droit de limitation&nbsp;: en cas de demande de rectification ou de suppression des donn\u00e9es, ou de contestation de l\u2019utilisation des donn\u00e9es, et pendant le d\u00e9lai de traitement, vous pouvez faire exercice de votre droit de limitation afin de geler l\u2019utilisation de vos donn\u00e9es en attendant l\u2019aboutissement du traitement&nbsp;:<\/li>\n\n\n\n<li>Le droit \u00e0 la portabilit\u00e9 des donn\u00e9es&nbsp;: vous pouvez demander, sous certaines conditions, \u00e0 recevoir les donn\u00e9es personnelles que vous avez volontairement transmises (accord, contrat) sous un format facilement exploitable (type VCard,\u2026) pour usage personnel ou afin de les transmettre \u00e0 un autre responsable de traitement&nbsp;;<\/li>\n\n\n\n<li>Le droit \u00e0 l\u2019effacement (droit \u00e0 l\u2019oubli)&nbsp;: vous pouvez, en raison de certains motifs pr\u00e9cis\u00e9s \u00e0 l\u2019article 17 du Chapitre III du RGPD, demander \u00e0 ce que SP EVENTS efface certaines donn\u00e9es personnelles vous concernant.<\/li>\n<\/ul>\n\n\n\n<p>Afin d\u2019exercer vos demandes dans le cadre des droits list\u00e9s ci-dessus, vous devrez les adresser \u00e0 SP EVENTS \u00e0 l\u2019adresse suivante&nbsp;: <a href=\"mailto:DPO-contact@kaza-app.fr\">DPO-contact@kaza-app.fr<\/a>. Ces demandes feront l\u2019objet d\u2019un d\u00e9lai de traitement. Un justificatif d\u2019identit\u00e9 pourra vous \u00eatre demand\u00e9 lors du traitement de la demande.<\/p>\n\n\n\n<p>SP EVENTS s&rsquo;engage \u00e0 respecter, dans le respect des textes applicables, vos directives relatives \u00e0 la conservation, \u00e0 l\u2019effacement et \u00e0 la communication de vos donn\u00e9es \u00e0 caract\u00e8re personnel et ce notamment apr\u00e8s votre d\u00e9c\u00e8s. En l\u2019absence de directive de la part de l\u2019utilisateur d\u00e9c\u00e9d\u00e9, SP EVENTS fera droit aux demandes des h\u00e9ritiers telles qu\u2019\u00e9nonc\u00e9es par les dispositions applicables de la Loi Informatique et Libert\u00e9s.<\/p>\n\n\n\n<p>\u00c0 d\u00e9faut, les r\u00e9clamations relatives au traitement de vos donn\u00e9es personnelles peuvent \u00eatre adress\u00e9es \u00e0 la Commission Nationale de l\u2019Informatique et des Libert\u00e9s \u00e0 l\u2019adresse suivante : 3 Place de Fontenoy &#8211; TSA 80715 &#8211; 75334 Paris Cedex.<\/p>\n","protected":false},"excerpt":{"rendered":"<p>Vous vous trouvez sur la page de la politique de confidentialit\u00e9 de KAZA, l\u2019application de la Soci\u00e9t\u00e9 SP EVENTS. Cette politique est \u00e0 jour au&nbsp;1er juin 2023. Chez SP EVENTS, nous souhaitons que chaque Utilisateur puisse comprendre quelles donn\u00e9es nous recueillons, comment ces donn\u00e9es sont utilis\u00e9es et \u00e0 quelles fins. C\u2019est pourquoi nous vous encourageons [&hellip;]<\/p>\n","protected":false},"author":1,"featured_media":0,"parent":0,"menu_order":0,"comment_status":"closed","ping_status":"closed","template":"","meta":{"footnotes":""},"class_list":["post-238","page","type-page","status-publish","hentry"],"_links":{"self":[{"href":"http:\/\/kaza-app.fr\/index.php\/wp-json\/wp\/v2\/pages\/238","targetHints":{"allow":["GET"]}}],"collection":[{"href":"http:\/\/kaza-app.fr\/index.php\/wp-json\/wp\/v2\/pages"}],"about":[{"href":"http:\/\/kaza-app.fr\/index.php\/wp-json\/wp\/v2\/types\/page"}],"author":[{"embeddable":true,"href":"http:\/\/kaza-app.fr\/index.php\/wp-json\/wp\/v2\/users\/1"}],"replies":[{"embeddable":true,"href":"http:\/\/kaza-app.fr\/index.php\/wp-json\/wp\/v2\/comments?post=238"}],"version-history":[{"count":1,"href":"http:\/\/kaza-app.fr\/index.php\/wp-json\/wp\/v2\/pages\/238\/revisions"}],"predecessor-version":[{"id":239,"href":"http:\/\/kaza-app.fr\/index.php\/wp-json\/wp\/v2\/pages\/238\/revisions\/239"}],"wp:attachment":[{"href":"http:\/\/kaza-app.fr\/index.php\/wp-json\/wp\/v2\/media?parent=238"}],"curies":[{"name":"wp","href":"https:\/\/api.w.org\/{rel}","templated":true}]}}